{"id":775,"date":"2015-01-03T13:25:19","date_gmt":"2015-01-03T06:25:19","guid":{"rendered":"https:\/\/tathikieu.edu.vn\/?page_id=775"},"modified":"2024-10-13T08:05:57","modified_gmt":"2024-10-13T01:05:57","slug":"thoikhoabieu","status":"publish","type":"page","link":"https:\/\/tathikieu.edu.vn\/?page_id=775","title":{"rendered":"Th\u1eddi kh\u00f3a bi\u1ec3u"},"content":{"rendered":"<p><iframe src=\"https:\/\/tathikieu.edu.vn\/tkb\" width=\"100%\" height=\"440\" frameborder=\"0\"><span data-mce-type=\"bookmark\" style=\"display: inline-block; width: 0px; overflow: hidden; line-height: 0;\" class=\"mce_SELRES_start\">\ufeff<\/span><\/iframe><\/p>\n<p><center><\/p>\n<h3><img decoding=\"async\" style=\"vertical-align: bottom;\" src=\"https:\/\/tathikieu.edu.vn\/images\/anthanh\/download.png\" alt=\"T\u1ea3i xu\u1ed1ng\" width=\"24\" height=\"24\" border=\"0\" \/> T\u1ea3i b\u1ea3n in th\u1eddi kh\u00f3a bi\u1ec3u<\/h3>\n<p><strong>H\u1ecdc k\u1ef3 1: <\/strong><a href=\"\/tkb\/2024-2025\/hk1\/ban_in_tkb_1.zip\">S\u1ed1 1<\/a> | <\/strong><a href=\"\/tkb\/2024-2025\/hk1\/ban_in_tkb_2.zip\">S\u1ed1 2<\/a> | <\/strong><a href=\"\/tkb\/2024-2025\/hk1\/ban_in_tkb_3.zip\">S\u1ed1 3<\/a> | <\/strong><a href=\"\/tkb\/2024-2025\/hk1\/ban_in_tkb_4.zip\">S\u1ed1 4<\/a><\/p>\n<p><span style=\"color: blue;\"><strong>Xem th\u1eddi kh\u00f3a bi\u1ec3u m\u1edbi nh\u1ea5t \u1edf ch\u1ebf \u0111\u1ed9 to\u00e0n m\u00e0n h\u00ecnh <a href=\"https:\/\/tathikieu.edu.vn\/tkb\/\" target=\"_blank\" rel=\"noopener noreferrer\">T\u1ea0I \u0110\u00c2Y<\/a><\/strong><\/span><br \/>\n<span style=\"color: red;\"><strong>L\u01b0u \u00fd:<\/strong> Qu\u00ed th\u1ea7y c\u00f4 nh\u1ea5n ph\u00edm F5 v\u00e0i l\u1ea7n \u0111\u1ec3 n\u1ed9i dung \u0111\u01b0\u1ee3c c\u1eadp nh\u1eadt \u0111\u1ea7y \u0111\u1ee7 v\u00e0 ch\u00ednh x\u00e1c.<\/span><\/center><\/p>\n","protected":false},"excerpt":{"rendered":"<p>\ufeff T\u1ea3i b\u1ea3n in th\u1eddi kh\u00f3a bi\u1ec3u H\u1ecdc k\u1ef3 1: S\u1ed1 1 | S\u1ed1 2 | S\u1ed1 3 | S\u1ed1 4 Xem th\u1eddi kh\u00f3a bi\u1ec3u m\u1edbi nh\u1ea5t \u1edf ch\u1ebf \u0111\u1ed9 to\u00e0n m\u00e0n h\u00ecnh T\u1ea0I \u0110\u00c2Y L\u01b0u \u00fd: Qu\u00ed th\u1ea7y c\u00f4 nh\u1ea5n ph\u00edm F5 v\u00e0i l\u1ea7n&#8230;<\/p>\n","protected":false},"author":1,"featured_media":0,"parent":0,"menu_order":0,"comment_status":"closed","ping_status":"closed","template":"","meta":{"rop_custom_images_group":[],"rop_custom_messages_group":[],"rop_publish_now":"initial","rop_publish_now_accounts":[],"rop_publish_now_history":[],"rop_publish_now_status":"pending","footnotes":""},"class_list":["post-775","page","type-page","status-publish","hentry"],"amp_enabled":true,"_links":{"self":[{"href":"https:\/\/tathikieu.edu.vn\/index.php?rest_route=\/wp\/v2\/pages\/775","targetHints":{"allow":["GET"]}}],"collection":[{"href":"https:\/\/tathikieu.edu.vn\/index.php?rest_route=\/wp\/v2\/pages"}],"about":[{"href":"https:\/\/tathikieu.edu.vn\/index.php?rest_route=\/wp\/v2\/types\/page"}],"author":[{"embeddable":true,"href":"https:\/\/tathikieu.edu.vn\/index.php?rest_route=\/wp\/v2\/users\/1"}],"replies":[{"embeddable":true,"href":"https:\/\/tathikieu.edu.vn\/index.php?rest_route=%2Fwp%2Fv2%2Fcomments&post=775"}],"version-history":[{"count":0,"href":"https:\/\/tathikieu.edu.vn\/index.php?rest_route=\/wp\/v2\/pages\/775\/revisions"}],"wp:attachment":[{"href":"https:\/\/tathikieu.edu.vn\/index.php?rest_route=%2Fwp%2Fv2%2Fmedia&parent=775"}],"curies":[{"name":"wp","href":"https:\/\/api.w.org\/{rel}","templated":true}]}}